{"id":445,"date":"2025-08-17T12:35:10","date_gmt":"2025-08-17T10:35:10","guid":{"rendered":"https:\/\/pracowniamuzyki.you2.pl\/?page_id=445"},"modified":"2025-08-17T17:45:41","modified_gmt":"2025-08-17T15:45:41","slug":"cennik","status":"publish","type":"page","link":"https:\/\/pracowniamuzyki.you2.pl\/index.php\/cennik\/","title":{"rendered":"Cennik"},"content":{"rendered":"\t\t<div data-elementor-type=\"wp-page\" data-elementor-id=\"445\" class=\"elementor elementor-445\">\n\t\t\t\t<div class=\"elementor-element elementor-element-b876365 e-con-full e-flex e-con e-parent\" data-id=\"b876365\" data-element_type=\"container\" data-settings=\"{&quot;background_background&quot;:&quot;classic&quot;}\">\n\t\t\t\t<div class=\"elementor-element elementor-element-52831a1 elementor-widget elementor-widget-text-editor\" data-id=\"52831a1\" data-element_type=\"widget\" data-widget_type=\"text-editor.default\">\n\t\t\t\t\t\t\t\t\t<h1 style=\"text-align: center;\"><span style=\"color: #ffffff; font-size: 67px;\">Cennik<\/span><\/h1>\t\t\t\t\t\t\t\t<\/div>\n\t\t\t\t<\/div>\n\t\t<div class=\"elementor-element elementor-element-86cf082 e-flex e-con-boxed e-con e-parent\" data-id=\"86cf082\" data-element_type=\"container\">\n\t\t\t\t\t<div class=\"e-con-inner\">\n\t\t\t\t<div class=\"elementor-element elementor-element-fa3a30c elementor-widget elementor-widget-text-editor\" data-id=\"fa3a30c\" data-element_type=\"widget\" data-widget_type=\"text-editor.default\">\n\t\t\t\t\t\t\t\t\t<p><span style=\"font-weight: 400;\">W <\/span><b>Pracowni Muzyki<\/b><span style=\"font-weight: 400;\"> oferujemy elastyczne formy nauki \u2013 mo\u017cesz wybiera\u0107 mi\u0119dzy pojedynczymi lekcjami a pakietami miesi\u0119cznymi. <br \/>Wszystkie lekcje trwaj\u0105 <\/span><b>45 minut<\/b><span style=\"font-weight: 400;\"> i odbywaj\u0105 si\u0119 <\/span><b>indywidualnie<\/b><span style=\"font-weight: 400;\">, zar\u00f3wno <\/span><b>stacjonarnie<\/b><span style=\"font-weight: 400;\">, jak i <\/span><b>online<\/b><span style=\"font-weight: 400;\">.<\/span><\/p>\t\t\t\t\t\t\t\t<\/div>\n\t\t\t\t\t<\/div>\n\t\t\t\t<\/div>\n\t\t<div class=\"elementor-element elementor-element-aebcd96 e-flex e-con-boxed e-con e-parent\" data-id=\"aebcd96\" data-element_type=\"container\">\n\t\t\t\t\t<div class=\"e-con-inner\">\n\t\t\t\t<div class=\"elementor-element elementor-element-3f68029 elementor-widget elementor-widget-qode_pricing_tables\" data-id=\"3f68029\" data-element_type=\"widget\" data-widget_type=\"qode_pricing_tables.default\">\n\t\t\t\t<div class=\"elementor-widget-container\">\n\t\t\t\t\t\n        <div class=\"qode_pricing_tables clearfix four_columns\">\n\n        <div class='q_price_table '><div class='price_table_inner'><ul><li class='cell table_title' ><span class='title_content' >Pojedyncza Lekcja<\/span><li class='prices' style=''><div class='price_in_table'><sup class='value'><\/sup><span class='price' style=\"font-weight: 100\">100&nbsp;z\u0142<\/span><span class='mark'>\/lekcja<\/span><\/div><\/li><li class='pricing_table_content' style=''><\/li><\/ul><\/div><\/div><div class='q_price_table '><div class='price_table_inner'><ul><li class='cell table_title' ><span class='title_content' >Pakiet miesi\u0119czny<\/span><li class='prices' style=''><div class='price_in_table'><sup class='value'><\/sup><span class='price' style=\"font-weight: 100\">400&nbsp;z\u0142<\/span><span class='mark'>\/miesi\u0105c<\/span><\/div><\/li><li class='pricing_table_content' style=''><\/li><\/ul><\/div><\/div><div class='q_price_table '><div class='price_table_inner'><ul><li class='cell table_title' ><span class='title_content' >Nagranie audio\/wideo<\/span><li class='prices' style=''><div class='price_in_table'><sup class='value'><\/sup><span class='price' style=\"font-weight: 100\">300&nbsp;z\u0142<\/span><span class='mark'>\/nagranie<\/span><\/div><\/li><li class='pricing_table_content' style=''><\/li><\/ul><\/div><\/div><div class='q_price_table '><div class='price_table_inner'><ul><li class='cell table_title' ><span class='title_content' >Pakiet 3 Nagra\u0144<\/span><li class='prices' style=''><div class='price_in_table'><sup class='value'><\/sup><span class='price' style=\"font-weight: 100\">750&nbsp;z\u0142<\/span><span class='mark'>\/3 nagrania<\/span><\/div><\/li><li class='pricing_table_content' style=''><\/li><\/ul><\/div><\/div>\n        <\/div>\n\n        \t\t\t\t<\/div>\n\t\t\t\t<\/div>\n\t\t\t\t<div class=\"elementor-element elementor-element-104fcd7 elementor-widget elementor-widget-qode_pricing_list\" data-id=\"104fcd7\" data-element_type=\"widget\" data-widget_type=\"qode_pricing_list.default\">\n\t\t\t\t<div class=\"elementor-widget-container\">\n\t\t\t\t\t\n        <div class=\"qode-pricing-list\">\n            <ul class=\"qode-pricing-list-holder\">\n                <div class=\"qode-pricing-list-item clearfix \" ><div class=\"qode-pricing-list-content\"><div class=\"qode-pricing-list-top\"><div class=\"qode-pricing-item-title-holder\"><h4 class=\"qode-pricing-item-title\">Pojedyncza lekcja \u2013 45 minut<\/h4><\/div><div class=\"pricing-list-dots\"><\/div><div class=\"qode-pricing-item-price-holder\"><h4 class=\"qode-pricing-item-price\">100&nbsp;z\u0142<\/h4><\/div><\/div><div class=\"qode-pricing-list-bottom\"><div class=\"qode-pricing-list-text\">Idealne rozwi\u0105zanie, je\u015bli chcesz spr\u00f3bowa\u0107 zaj\u0119\u0107, uczysz si\u0119 nieregularnie lub potrzebujesz wsparcia dora\u017anego (np. przygotowanie do konkretnego utworu lub wyst\u0119pu).<\/div><\/div><\/div><\/div><div class=\"qode-pricing-list-item clearfix  qode-highlighted-item \" ><div class=\"qode-pricing-list-content\"><div class=\"qode-pricing-list-top\"><div class=\"qode-pricing-item-title-holder\"><h4 class=\"qode-pricing-item-title\">Pakiet miesi\u0119czny \u2013 4 x 45 minut<\/h4><\/div><div class=\"pricing-list-dots\"><\/div><div class=\"qode-pricing-item-price-holder\"><h4 class=\"qode-pricing-item-price\">400&nbsp;z\u0142<\/h4><\/div><\/div><div class=\"qode-pricing-list-bottom\"><div class=\"qode-pricing-list-text\">Dla os\u00f3b, kt\u00f3re chc\u0105 rozwija\u0107 si\u0119 systematycznie i mie\u0107 sta\u0142y termin w tygodniu.  Pakiet obejmuje 4 lekcje w miesi\u0105cu (raz w tygodniu).  W przypadku miesi\u0119cy z 5 tygodniami \u2013 mo\u017cliwa dodatkowa lekcja (p\u0142atna osobno lub przesuwana). Mo\u017cesz te\u017c wybra\u0107 pakiet z wi\u0119ksz\u0105 liczb\u0105 lekcji, np. 8 zaj\u0119\u0107 w miesi\u0105cu \u2013 to \u015bwietna opcja, je\u015bli chcesz uczy\u0107 si\u0119 intensywniej lub przygotowujesz si\u0119 do wa\u017cnego wyst\u0119pu. Korzy\u015bci pakietu: sta\u0142a godzina w grafiku,   priorytet przy umawianiu dodatkowych zaj\u0119\u0107,   ni\u017csza cena za lekcj\u0119 w przeliczeniu.<\/div><div class='qode-pricing-list-highlited'><span>Promocja<\/span><\/div><\/div><\/div><\/div><div class=\"qode-pricing-list-item clearfix \" ><div class=\"qode-pricing-list-content\"><div class=\"qode-pricing-list-top\"><div class=\"qode-pricing-item-title-holder\"><h4 class=\"qode-pricing-item-title\">Zaj\u0119cia online<\/h4><\/div><div class=\"pricing-list-dots\"><\/div><div class=\"qode-pricing-item-price-holder\"><h4 class=\"qode-pricing-item-price\">100&nbsp;z\u0142<\/h4><\/div><\/div><div class=\"qode-pricing-list-bottom\"><div class=\"qode-pricing-list-text\">Cena zaj\u0119\u0107 online jest taka sama jak stacjonarnych.  Spotkania odbywaj\u0105 si\u0119 przez Zoom, Skype lub Google Meet \u2013 jak Ci wygodnie.<\/div><\/div><\/div><\/div><div class=\"qode-pricing-list-item clearfix \" ><div class=\"qode-pricing-list-content\"><div class=\"qode-pricing-list-top\"><div class=\"qode-pricing-item-title-holder\"><h4 class=\"qode-pricing-item-title\">Nagranie audio i video<\/h4><\/div><div class=\"pricing-list-dots\"><\/div><div class=\"qode-pricing-item-price-holder\"><h4 class=\"qode-pricing-item-price\">300&nbsp;z\u0142<\/h4><\/div><\/div><div class=\"qode-pricing-list-bottom\"><div class=\"qode-pricing-list-text\">Audio + miks + monta\u017c video. Dla uczni\u00f3w Pracowni Muzyki pierwsze nagranie jest zawsze wliczone w cen\u0119 lekcji.  To oznacza, \u017ce w trakcie zaj\u0119\u0107 mo\u017cesz otrzyma\u0107 profesjonalne nagranie audio i video swojego wykonania \u2013 pami\u0105tk\u0119 i materia\u0142 do dalszej pracy.<\/div><\/div><\/div><\/div><div class=\"qode-pricing-list-item clearfix \" ><div class=\"qode-pricing-list-content\"><div class=\"qode-pricing-list-top\"><div class=\"qode-pricing-item-title-holder\"><h4 class=\"qode-pricing-item-title\">Pakiet 3 Nagra\u0144<\/h4><\/div><div class=\"pricing-list-dots\"><\/div><div class=\"qode-pricing-item-price-holder\"><h4 class=\"qode-pricing-item-price\">750&nbsp;z\u0142<\/h4><\/div><\/div><div class=\"qode-pricing-list-bottom\"><div class=\"qode-pricing-list-text\">Pakiet 3 nagra\u0144 z miksami i prostym monta\u017cem video.<\/div><\/div><\/div><\/div>            <\/ul> <!-- close ul.qode_pricing_list_holder -->\n        <\/div> <!-- close div.qode_pricing_list -->\n\n        \t\t\t\t<\/div>\n\t\t\t\t<\/div>\n\t\t\t\t\t<\/div>\n\t\t\t\t<\/div>\n\t\t<div class=\"elementor-element elementor-element-9943306 e-flex e-con-boxed e-con e-parent\" data-id=\"9943306\" data-element_type=\"container\">\n\t\t\t\t\t<div class=\"e-con-inner\">\n\t\t\t\t<div class=\"elementor-element elementor-element-9519247 elementor-widget elementor-widget-qi_addons_for_elementor_call_to_action\" data-id=\"9519247\" data-element_type=\"widget\" data-widget_type=\"qi_addons_for_elementor_call_to_action.default\">\n\t\t\t\t<div class=\"elementor-widget-container\">\n\t\t\t\t\t<div class=\"qodef-shortcode qodef-m qodef-qi-call-to-action qodef-layout--standard\">\n\t<div class=\"qodef-m-inner\">\n\t\t<div class=\"qodef-m-content\">\n\t\t\t<h5 class=\"qodef-m-title\">\n\t\t\tZapisz si\u0119 na pierwsz\u0105 lekcj\u0119\t\t<\/h5>\n\t\t<\/div>\n\t\t\t<div class=\"qodef-m-button\">\n\t\t<a class=\"qodef-shortcode qodef-m qodef-qi-button qodef-html--link qodef-layout--filled qodef-type--standard qodef-icon--right qodef-hover--icon-move-horizontal-short\" href=\"https:\/\/pracowniamuzyki.you2.pl\/index.php\/kontakt\" target=\"_self\">\t<span class=\"qodef-m-text\">Napisz do nas<\/span>\t<\/a>\t<\/div>\n\t\t\t<\/div>\n<\/div>\n\t\t\t\t<\/div>\n\t\t\t\t<\/div>\n\t\t\t\t\t<\/div>\n\t\t\t\t<\/div>\n\t\t\t\t<\/div>\n\t\t","protected":false},"excerpt":{"rendered":"<p>Cennik W Pracowni Muzyki oferujemy elastyczne formy nauki \u2013 mo\u017cesz wybiera\u0107 mi\u0119dzy pojedynczymi lekcjami a pakietami miesi\u0119cznymi. Wszystkie lekcje trwaj\u0105 45 minut i odbywaj\u0105 si\u0119 indywidualnie, zar\u00f3wno stacjonarnie, jak i online. Pojedyncza Lekcja 100&nbsp;z\u0142\/lekcja Pakiet miesi\u0119czny 400&nbsp;z\u0142\/miesi\u0105c Nagranie audio\/wideo 300&nbsp;z\u0142\/nagranie Pakiet 3 Nagra\u0144 750&nbsp;z\u0142\/3 nagrania&#8230;<\/p>\n","protected":false},"author":1,"featured_media":0,"parent":0,"menu_order":0,"comment_status":"closed","ping_status":"closed","template":"elementor_header_footer","meta":{"footnotes":""},"class_list":["post-445","page","type-page","status-publish","hentry"],"_links":{"self":[{"href":"https:\/\/pracowniamuzyki.you2.pl\/index.php\/wp-json\/wp\/v2\/pages\/445","targetHints":{"allow":["GET"]}}],"collection":[{"href":"https:\/\/pracowniamuzyki.you2.pl\/index.php\/wp-json\/wp\/v2\/pages"}],"about":[{"href":"https:\/\/pracowniamuzyki.you2.pl\/index.php\/wp-json\/wp\/v2\/types\/page"}],"author":[{"embeddable":true,"href":"https:\/\/pracowniamuzyki.you2.pl\/index.php\/wp-json\/wp\/v2\/users\/1"}],"replies":[{"embeddable":true,"href":"https:\/\/pracowniamuzyki.you2.pl\/index.php\/wp-json\/wp\/v2\/comments?post=445"}],"version-history":[{"count":60,"href":"https:\/\/pracowniamuzyki.you2.pl\/index.php\/wp-json\/wp\/v2\/pages\/445\/revisions"}],"predecessor-version":[{"id":538,"href":"https:\/\/pracowniamuzyki.you2.pl\/index.php\/wp-json\/wp\/v2\/pages\/445\/revisions\/538"}],"wp:attachment":[{"href":"https:\/\/pracowniamuzyki.you2.pl\/index.php\/wp-json\/wp\/v2\/media?parent=445"}],"curies":[{"name":"wp","href":"https:\/\/api.w.org\/{rel}","templated":true}]}}