{"id":172,"date":"2020-06-26T10:49:46","date_gmt":"2020-06-26T10:49:46","guid":{"rendered":"https:\/\/stockholm63.qodeinteractive.com\/?page_id=172"},"modified":"2025-08-17T17:39:05","modified_gmt":"2025-08-17T15:39:05","slug":"kontakt","status":"publish","type":"page","link":"https:\/\/pracowniamuzyki.you2.pl\/index.php\/kontakt\/","title":{"rendered":"Kontakt"},"content":{"rendered":"\t\t<div data-elementor-type=\"wp-page\" data-elementor-id=\"172\" class=\"elementor elementor-172\">\n\t\t\t\t\t\t<section class=\"elementor-section elementor-top-section elementor-element elementor-element-1ae459a elementor-section-full_width elementor-section-height-default elementor-section-height-default parallax_section_no qode_elementor_container_no qode-content-aligment-left\" data-id=\"1ae459a\" data-element_type=\"section\" data-settings=\"{&quot;background_background&quot;:&quot;classic&quot;}\">\n\t\t\t\t\t\t<div class=\"elementor-container elementor-column-gap-default\">\n\t\t\t\t\t<div class=\"elementor-column elementor-col-100 elementor-top-column elementor-element elementor-element-c21d365\" data-id=\"c21d365\" data-element_type=\"column\">\n\t\t\t<div class=\"elementor-widget-wrap elementor-element-populated\">\n\t\t\t\t\t\t<div class=\"elementor-element elementor-element-0829b8d elementor-widget elementor-widget-text-editor\" data-id=\"0829b8d\" data-element_type=\"widget\" data-widget_type=\"text-editor.default\">\n\t\t\t\t\t\t\t\t\t<h1 style=\"text-align: center;\"><span style=\"color: #ffffff; font-size: 67px;\">Napisz do nas<\/span><\/h1>\t\t\t\t\t\t\t\t<\/div>\n\t\t\t\t\t<\/div>\n\t\t<\/div>\n\t\t\t\t\t<\/div>\n\t\t<\/section>\n\t\t\t\t<section class=\"elementor-section elementor-top-section elementor-element elementor-element-34739b1 elementor-section-full_width qode_elementor_container_inner elementor-section-height-default elementor-section-height-default parallax_section_no qode-content-aligment-left\" data-id=\"34739b1\" data-element_type=\"section\">\n\t\t\t\t\t\t<div class=\"elementor-container elementor-column-gap-default\">\n\t\t\t\t\t<div class=\"elementor-column elementor-col-50 elementor-top-column elementor-element elementor-element-314d1cef\" data-id=\"314d1cef\" data-element_type=\"column\">\n\t\t\t<div class=\"elementor-widget-wrap elementor-element-populated\">\n\t\t\t\t\t\t<div class=\"elementor-element elementor-element-5e903ee2 elementor-widget elementor-widget-qode_google_map\" data-id=\"5e903ee2\" data-element_type=\"widget\" data-widget_type=\"qode_google_map.default\">\n\t\t\t\t<div class=\"elementor-widget-container\">\n\t\t\t\t\t<div class=\"qode-google-map-holder\">\n\t<div class=\"qode-google-map\" id=\"qode-map-1630161\" data-addresses='[\"Olgi Bozna\u0144skiej 22\/4 01-100 Warszawa\"]' data-custom-map-style=no data-color-overlay=#393939 data-saturation=-100 data-lightness=-60 data-zoom=12 data-pin=https:\/\/pracowniamuzyki.you2.pl\/wp-content\/uploads\/2020\/06\/pin-image.png data-unique-id=1630161 data-scroll-wheel=yes data-height=550  data-snazzy-map-style=yes><\/div>\n\t            <input type=\"hidden\" class=\"qode-snazzy-map\" value=\"`{`\n    {\n        ``featureType``: ``water``,\n        ``elementType``: ``geometry``,\n        ``stylers``: `{`\n            {\n                ``color``: ``#e9e9e9``\n            },\n            {\n                ``lightness``: 17\n            }\n        `}`\n    },\n    {\n        ``featureType``: ``landscape``,\n        ``elementType``: ``geometry``,\n        ``stylers``: `{`\n            {\n                ``color``: ``#f5f5f5``\n            },\n            {\n                ``lightness``: 20\n            }\n        `}`\n    },\n    {\n        ``featureType``: ``road.highway``,\n        ``elementType``: ``geometry.fill``,\n        ``stylers``: `{`\n            {\n                ``color``: ``#ffffff``\n            },\n            {\n                ``lightness``: 17\n            }\n        `}`\n    },\n    {\n        ``featureType``: ``road.highway``,\n        ``elementType``: ``geometry.stroke``,\n        ``stylers``: `{`\n            {\n                ``color``: ``#ffffff``\n            },\n            {\n                ``lightness``: 29\n            },\n            {\n                ``weight``: 0.2\n            }\n        `}`\n    },\n    {\n        ``featureType``: ``road.arterial``,\n        ``elementType``: ``geometry``,\n        ``stylers``: `{`\n            {\n                ``color``: ``#ffffff``\n            },\n            {\n                ``lightness``: 18\n            }\n        `}`\n    },\n    {\n        ``featureType``: ``road.local``,\n        ``elementType``: ``geometry``,\n        ``stylers``: `{`\n            {\n                ``color``: ``#ffffff``\n            },\n            {\n                ``lightness``: 16\n            }\n        `}`\n    },\n    {\n        ``featureType``: ``poi``,\n        ``elementType``: ``geometry``,\n        ``stylers``: `{`\n            {\n                ``color``: ``#f5f5f5``\n            },\n            {\n                ``lightness``: 21\n            }\n        `}`\n    },\n    {\n        ``featureType``: ``poi.park``,\n        ``elementType``: ``geometry``,\n        ``stylers``: `{`\n            {\n                ``color``: ``#dedede``\n            },\n            {\n                ``lightness``: 21\n            }\n        `}`\n    },\n    {\n        ``elementType``: ``labels.text.stroke``,\n        ``stylers``: `{`\n            {\n                ``visibility``: ``on``\n            },\n            {\n                ``color``: ``#ffffff``\n            },\n            {\n                ``lightness``: 16\n            }\n        `}`\n    },\n    {\n        ``elementType``: ``labels.text.fill``,\n        ``stylers``: `{`\n            {\n                ``saturation``: 36\n            },\n            {\n                ``color``: ``#333333``\n            },\n            {\n                ``lightness``: 40\n            }\n        `}`\n    },\n    {\n        ``elementType``: ``labels.icon``,\n        ``stylers``: `{`\n            {\n                ``visibility``: ``off``\n            }\n        `}`\n    },\n    {\n        ``featureType``: ``transit``,\n        ``elementType``: ``geometry``,\n        ``stylers``: `{`\n            {\n                ``color``: ``#f2f2f2``\n            },\n            {\n                ``lightness``: 19\n            }\n        `}`\n    },\n    {\n        ``featureType``: ``administrative``,\n        ``elementType``: ``geometry.fill``,\n        ``stylers``: `{`\n            {\n                ``color``: ``#fefefe``\n            },\n            {\n                ``lightness``: 20\n            }\n        `}`\n    },\n    {\n        ``featureType``: ``administrative``,\n        ``elementType``: ``geometry.stroke``,\n        ``stylers``: `{`\n            {\n                ``color``: ``#fefefe``\n            },\n            {\n                ``lightness``: 17\n            },\n            {\n                ``weight``: 1.2\n            }\n        `}`\n    }\n`}`\"\/>\n        <\/div>\t\t\t\t<\/div>\n\t\t\t\t<\/div>\n\t\t\t\t\t<\/div>\n\t\t<\/div>\n\t\t\t\t<div class=\"elementor-column elementor-col-50 elementor-top-column elementor-element elementor-element-34787e9b\" data-id=\"34787e9b\" data-element_type=\"column\">\n\t\t\t<div class=\"elementor-widget-wrap elementor-element-populated\">\n\t\t\t\t\t\t<div class=\"elementor-element elementor-element-1b52ed43 elementor-widget elementor-widget-text-editor\" data-id=\"1b52ed43\" data-element_type=\"widget\" data-widget_type=\"text-editor.default\">\n\t\t\t\t\t\t\t\t\t<h2>Zapisz si\u0119 na pierwsz\u0105 lekcj\u0119<\/h2>\t\t\t\t\t\t\t\t<\/div>\n\t\t\t\t<div class=\"elementor-element elementor-element-29e73112 elementor-widget elementor-widget-stockholm_cf_7\" data-id=\"29e73112\" data-element_type=\"widget\" data-widget_type=\"stockholm_cf_7.default\">\n\t\t\t\t<div class=\"elementor-widget-container\">\n\t\t\t\t\t    <div class=\"qode-contact-form-7 qode-contact-form-7-0\">\n    \n<div class=\"wpcf7 no-js\" id=\"wpcf7-f337-o1\" lang=\"en-US\" dir=\"ltr\" data-wpcf7-id=\"337\">\n<div class=\"screen-reader-response\"><p role=\"status\" aria-live=\"polite\" aria-atomic=\"true\"><\/p> <ul><\/ul><\/div>\n<form action=\"\/index.php\/wp-json\/wp\/v2\/pages\/172#wpcf7-f337-o1\" method=\"post\" class=\"wpcf7-form init cf7_custom_style_1\" aria-label=\"Contact form\" novalidate=\"novalidate\" data-status=\"init\">\n<fieldset class=\"hidden-fields-container\"><input type=\"hidden\" name=\"_wpcf7\" value=\"337\" \/><input type=\"hidden\" name=\"_wpcf7_version\" value=\"6.1.1\" \/><input type=\"hidden\" name=\"_wpcf7_locale\" value=\"en_US\" \/><input type=\"hidden\" name=\"_wpcf7_unit_tag\" value=\"wpcf7-f337-o1\" \/><input type=\"hidden\" name=\"_wpcf7_container_post\" value=\"0\" \/><input type=\"hidden\" name=\"_wpcf7_posted_data_hash\" value=\"\" \/>\n<\/fieldset>\n<span class=\"wpcf7-form-control-wrap\" data-name=\"your-name\"><input size=\"40\" maxlength=\"400\" class=\"wpcf7-form-control wpcf7-text wpcf7-validates-as-required\" aria-required=\"true\" aria-invalid=\"false\" placeholder=\"Imi\u0119 i Nazwisko*\" value=\"\" type=\"text\" name=\"your-name\" \/><\/span>\n\n<span class=\"wpcf7-form-control-wrap\" data-name=\"your-email\"><input size=\"40\" maxlength=\"400\" class=\"wpcf7-form-control wpcf7-email wpcf7-validates-as-required wpcf7-text wpcf7-validates-as-email\" aria-required=\"true\" aria-invalid=\"false\" placeholder=\"E-Mail*\" value=\"\" type=\"email\" name=\"your-email\" \/><\/span>\n\n<span class=\"wpcf7-form-control-wrap\" data-name=\"tel-128\"><input size=\"40\" maxlength=\"400\" class=\"wpcf7-form-control wpcf7-tel wpcf7-validates-as-required wpcf7-text wpcf7-validates-as-tel\" aria-required=\"true\" aria-invalid=\"false\" placeholder=\"Numer Telefonu*\" value=\"\" type=\"tel\" name=\"tel-128\" \/><\/span>\n\n<span class=\"wpcf7-form-control-wrap\" data-name=\"your-message\"><textarea cols=\"40\" rows=\"10\" maxlength=\"2000\" class=\"wpcf7-form-control wpcf7-textarea\" aria-invalid=\"false\" placeholder=\"Wiadmomo\u015b\u0107*\" name=\"your-message\"><\/textarea><\/span>\n\n<p class=\"qode-submit-holder\"><input class=\"wpcf7-form-control wpcf7-submit has-spinner\" type=\"submit\" value=\"Wy\u015blij\" \/><\/p><div class=\"wpcf7-response-output\" aria-hidden=\"true\"><\/div>\n<\/form>\n<\/div>\n    <\/div>\n\t\t\t\t<\/div>\n\t\t\t\t<\/div>\n\t\t\t\t\t<\/div>\n\t\t<\/div>\n\t\t\t\t\t<\/div>\n\t\t<\/section>\n\t\t\t\t<\/div>\n\t\t","protected":false},"excerpt":{"rendered":"<p>Napisz do nas Zapisz si\u0119 na pierwsz\u0105 lekcj\u0119<\/p>\n","protected":false},"author":1,"featured_media":0,"parent":0,"menu_order":0,"comment_status":"closed","ping_status":"closed","template":"elementor_header_footer","meta":{"footnotes":""},"class_list":["post-172","page","type-page","status-publish","hentry"],"_links":{"self":[{"href":"https:\/\/pracowniamuzyki.you2.pl\/index.php\/wp-json\/wp\/v2\/pages\/172","targetHints":{"allow":["GET"]}}],"collection":[{"href":"https:\/\/pracowniamuzyki.you2.pl\/index.php\/wp-json\/wp\/v2\/pages"}],"about":[{"href":"https:\/\/pracowniamuzyki.you2.pl\/index.php\/wp-json\/wp\/v2\/types\/page"}],"author":[{"embeddable":true,"href":"https:\/\/pracowniamuzyki.you2.pl\/index.php\/wp-json\/wp\/v2\/users\/1"}],"replies":[{"embeddable":true,"href":"https:\/\/pracowniamuzyki.you2.pl\/index.php\/wp-json\/wp\/v2\/comments?post=172"}],"version-history":[{"count":28,"href":"https:\/\/pracowniamuzyki.you2.pl\/index.php\/wp-json\/wp\/v2\/pages\/172\/revisions"}],"predecessor-version":[{"id":522,"href":"https:\/\/pracowniamuzyki.you2.pl\/index.php\/wp-json\/wp\/v2\/pages\/172\/revisions\/522"}],"wp:attachment":[{"href":"https:\/\/pracowniamuzyki.you2.pl\/index.php\/wp-json\/wp\/v2\/media?parent=172"}],"curies":[{"name":"wp","href":"https:\/\/api.w.org\/{rel}","templated":true}]}}