{"id":142,"date":"2020-06-26T10:30:09","date_gmt":"2020-06-26T10:30:09","guid":{"rendered":"https:\/\/stockholm63.qodeinteractive.com\/?page_id=142"},"modified":"2025-08-17T17:41:22","modified_gmt":"2025-08-17T15:41:22","slug":"o-nas","status":"publish","type":"page","link":"https:\/\/pracowniamuzyki.you2.pl\/index.php\/o-nas\/","title":{"rendered":"O nas"},"content":{"rendered":"\t\t<div data-elementor-type=\"wp-page\" data-elementor-id=\"142\" class=\"elementor elementor-142\">\n\t\t\t\t\t\t<section class=\"elementor-section elementor-top-section elementor-element elementor-element-1ae459a elementor-section-full_width elementor-section-height-default elementor-section-height-default parallax_section_no qode_elementor_container_no qode-content-aligment-left\" data-id=\"1ae459a\" data-element_type=\"section\" data-settings=\"{&quot;background_background&quot;:&quot;classic&quot;}\">\n\t\t\t\t\t\t<div class=\"elementor-container elementor-column-gap-default\">\n\t\t\t\t\t<div class=\"elementor-column elementor-col-100 elementor-top-column elementor-element elementor-element-c21d365\" data-id=\"c21d365\" data-element_type=\"column\" data-settings=\"{&quot;background_background&quot;:&quot;classic&quot;}\">\n\t\t\t<div class=\"elementor-widget-wrap elementor-element-populated\">\n\t\t\t\t\t\t<div class=\"elementor-element elementor-element-0829b8d elementor-widget elementor-widget-text-editor\" data-id=\"0829b8d\" data-element_type=\"widget\" data-widget_type=\"text-editor.default\">\n\t\t\t\t\t\t\t\t\t<h1 style=\"text-align: center;\"><span style=\"color: #ffffff; font-size: 67px;\">O Nas<\/span><\/h1>\t\t\t\t\t\t\t\t<\/div>\n\t\t\t\t\t<\/div>\n\t\t<\/div>\n\t\t\t\t\t<\/div>\n\t\t<\/section>\n\t\t\t\t<section class=\"elementor-section elementor-top-section elementor-element elementor-element-a941b53 elementor-section-boxed elementor-section-height-default elementor-section-height-default parallax_section_no qode_elementor_container_no qode-content-aligment-left\" data-id=\"a941b53\" data-element_type=\"section\">\n\t\t\t\t\t\t<div class=\"elementor-container elementor-column-gap-default\">\n\t\t\t\t\t<div class=\"elementor-column elementor-col-100 elementor-top-column elementor-element elementor-element-1bc2030\" data-id=\"1bc2030\" data-element_type=\"column\">\n\t\t\t<div class=\"elementor-widget-wrap elementor-element-populated\">\n\t\t\t\t\t\t<div class=\"elementor-element elementor-element-650cd9a elementor-widget elementor-widget-text-editor\" data-id=\"650cd9a\" data-element_type=\"widget\" data-widget_type=\"text-editor.default\">\n\t\t\t\t\t\t\t\t\t<h1 style=\"text-align: center;\">Nauka w dobrym rytmie<\/h1><div><br><\/div>\n<p><b>Pracownia Muzyki<\/b><span style=\"font-weight: 400;\"> to miejsce stworzone z my\u015bl\u0105 o wszystkich, kt\u00f3rzy chc\u0105 gra\u0107, \u015bpiewa\u0107, rozwija\u0107 si\u0119 muzycznie. <\/span><span style=\"font-weight: 400;\">Uczymy dzieci, m\u0142odzie\u017c i doros\u0142ych \u2013 niezale\u017cnie od poziomu. Mo\u017cesz dopiero zaczyna\u0107, mo\u017cesz ju\u017c co\u015b gra\u0107 \u2013 pomo\u017cemy Ci p\u00f3j\u015b\u0107 dalej w Twoim tempie, na Twoich zasadach.<\/span><\/p>\n<p><span style=\"font-weight: 400;\">Stawiamy na luz, swobod\u0119 i dobr\u0105 atmosfer\u0119, ale nie zapominamy przy tym o jako\u015bci. Ka\u017cde zaj\u0119cia to miks rado\u015bci z grania, konkretnych umiej\u0119tno\u015bci i indywidualnego podej\u015bcia. Uczymy tak, \u017ceby chcia\u0142o si\u0119 wraca\u0107 \u2013 bez stresu, za to z motywacj\u0105 i poczuciem realnych post\u0119p\u00f3w.<\/span><\/p>\n<p><span style=\"font-weight: 400;\">Zaj\u0119cia prowadzimy <\/span><b>stacjonarnie<\/b><span style=\"font-weight: 400;\"> w naszej pracowni oraz <\/span><b>online<\/b><span style=\"font-weight: 400;\"> \u2013 z pe\u0142nym zaanga\u017cowaniem i t\u0105 sam\u0105 swobodn\u0105 atmosfer\u0105. Bez wzgl\u0119du na form\u0119, ka\u017cda lekcja jest dopasowana do Ciebie \u2013 do Twoich cel\u00f3w, ulubionych utwor\u00f3w i mo\u017cliwo\u015bci.<\/span><\/p>\t\t\t\t\t\t\t\t<\/div>\n\t\t\t\t\t<\/div>\n\t\t<\/div>\n\t\t\t\t\t<\/div>\n\t\t<\/section>\n\t\t<div class=\"elementor-element elementor-element-bfae27b e-flex e-con-boxed e-con e-parent\" data-id=\"bfae27b\" data-element_type=\"container\">\n\t\t\t\t\t<div class=\"e-con-inner\">\n\t\t\t\t<div class=\"elementor-element elementor-element-a99f435 elementor-widget elementor-widget-text-editor\" data-id=\"a99f435\" data-element_type=\"widget\" data-widget_type=\"text-editor.default\">\n\t\t\t\t\t\t\t\t\t<h2 class=\"elementor-heading-title elementor-size-default elementor-inline-editing pen\" contenteditable=\"true\" data-elementor-setting-key=\"title\" data-pen-placeholder=\"Pisz tutaj...\">W naszej ofercie znajdziesz lekcje\u200b<\/h2>\t\t\t\t\t\t\t\t<\/div>\n\t\t\t\t\t<\/div>\n\t\t\t\t<\/div>\n\t\t\t\t<section class=\"elementor-section elementor-top-section elementor-element elementor-element-5b247d7 elementor-section-full_width elementor-section-height-default elementor-section-height-default parallax_section_no qode_elementor_container_no qode-content-aligment-left\" data-id=\"5b247d7\" data-element_type=\"section\">\n\t\t\t\t\t\t<div class=\"elementor-container elementor-column-gap-default\">\n\t\t\t\t\t<div class=\"elementor-column elementor-col-100 elementor-top-column elementor-element elementor-element-da498a2\" data-id=\"da498a2\" data-element_type=\"column\">\n\t\t\t<div class=\"elementor-widget-wrap elementor-element-populated\">\n\t\t\t\t\t\t<section class=\"elementor-section elementor-inner-section elementor-element elementor-element-5a492e8 elementor-section-full_width elementor-section-height-default elementor-section-height-default parallax_section_no qode_elementor_container_no qode-content-aligment-left\" data-id=\"5a492e8\" data-element_type=\"section\">\n\t\t\t\t\t\t<div class=\"elementor-container elementor-column-gap-default\">\n\t\t\t\t\t<div class=\"elementor-column elementor-col-25 elementor-inner-column elementor-element elementor-element-a4964dc\" data-id=\"a4964dc\" data-element_type=\"column\">\n\t\t\t<div class=\"elementor-widget-wrap elementor-element-populated\">\n\t\t\t\t\t\t<div class=\"elementor-element elementor-element-79c613d elementor-widget elementor-widget-image\" data-id=\"79c613d\" data-element_type=\"widget\" data-widget_type=\"image.default\">\n\t\t\t\t\t\t\t\t\t\t\t\t\t\t\t<img decoding=\"async\" width=\"128\" height=\"128\" src=\"https:\/\/pracowniamuzyki.you2.pl\/wp-content\/uploads\/2025\/08\/reshot-icon-electric-guitar-ENF24RZT3D.svg\" class=\"attachment-full size-full wp-image-359\" alt=\"\" \/>\t\t\t\t\t\t\t\t\t\t\t\t\t\t\t<\/div>\n\t\t\t\t<div class=\"elementor-element elementor-element-af9c2a0 elementor-widget elementor-widget-text-editor\" data-id=\"af9c2a0\" data-element_type=\"widget\" data-widget_type=\"text-editor.default\">\n\t\t\t\t\t\t\t\t\t<h4 style=\"text-align: center;\">Gitary<\/h4>\t\t\t\t\t\t\t\t<\/div>\n\t\t\t\t<div class=\"elementor-element elementor-element-1f2f4b5 elementor-widget elementor-widget-text-editor\" data-id=\"1f2f4b5\" data-element_type=\"widget\" data-widget_type=\"text-editor.default\">\n\t\t\t\t\t\t\t\t\t<p style=\"text-align: center;\"><span style=\"font-size: 11pt; font-family: 'Trebuchet MS', sans-serif; color: #666666; background-color: #ffffff; font-variant-numeric: normal; font-variant-east-asian: normal; font-variant-alternates: normal; font-variant-position: normal; font-variant-emoji: normal; white-space-collapse: preserve;\">elektrycznej, basowej, akustycznej i klasycznej <br\/>(ale bez szkolnej nudy!)<\/span><\/p>\t\t\t\t\t\t\t\t<\/div>\n\t\t\t\t\t<\/div>\n\t\t<\/div>\n\t\t\t\t<div class=\"elementor-column elementor-col-25 elementor-inner-column elementor-element elementor-element-89d6674\" data-id=\"89d6674\" data-element_type=\"column\">\n\t\t\t<div class=\"elementor-widget-wrap elementor-element-populated\">\n\t\t\t\t\t\t<div class=\"elementor-element elementor-element-708b433 elementor-widget elementor-widget-image\" data-id=\"708b433\" data-element_type=\"widget\" data-widget_type=\"image.default\">\n\t\t\t\t\t\t\t\t\t\t\t\t\t\t\t<img decoding=\"async\" width=\"128\" height=\"128\" src=\"https:\/\/pracowniamuzyki.you2.pl\/wp-content\/uploads\/2025\/08\/reshot-icon-guitar-5JPLB3EV49.svg\" class=\"attachment-full size-full wp-image-360\" alt=\"\" \/>\t\t\t\t\t\t\t\t\t\t\t\t\t\t\t<\/div>\n\t\t\t\t<div class=\"elementor-element elementor-element-915e64d elementor-widget elementor-widget-text-editor\" data-id=\"915e64d\" data-element_type=\"widget\" data-widget_type=\"text-editor.default\">\n\t\t\t\t\t\t\t\t\t<h4 style=\"text-align: center;\">Ukulele<\/h4>\t\t\t\t\t\t\t\t<\/div>\n\t\t\t\t<div class=\"elementor-element elementor-element-1a0fd7f elementor-widget elementor-widget-text-editor\" data-id=\"1a0fd7f\" data-element_type=\"widget\" data-widget_type=\"text-editor.default\">\n\t\t\t\t\t\t\t\t\t<p style=\"text-align: center;\"><span id=\"docs-internal-guid-ece7c3ae-7fff-e04f-2e33-1c49269654a1\"><span style=\"font-size: 11pt; font-family: 'Trebuchet MS', sans-serif; color: #666666; background-color: #ffffff; font-variant-numeric: normal; font-variant-east-asian: normal; font-variant-alternates: normal; font-variant-position: normal; font-variant-emoji: normal; white-space-collapse: preserve;\">idealne na dobry start<\/span><\/span><\/p>\t\t\t\t\t\t\t\t<\/div>\n\t\t\t\t\t<\/div>\n\t\t<\/div>\n\t\t\t\t<div class=\"elementor-column elementor-col-25 elementor-inner-column elementor-element elementor-element-a0c5ff3\" data-id=\"a0c5ff3\" data-element_type=\"column\">\n\t\t\t<div class=\"elementor-widget-wrap elementor-element-populated\">\n\t\t\t\t\t\t<div class=\"elementor-element elementor-element-4870fa9 elementor-widget elementor-widget-image\" data-id=\"4870fa9\" data-element_type=\"widget\" data-widget_type=\"image.default\">\n\t\t\t\t\t\t\t\t\t\t\t\t\t\t\t<img decoding=\"async\" width=\"128\" height=\"128\" src=\"https:\/\/pracowniamuzyki.you2.pl\/wp-content\/uploads\/2025\/08\/reshot-icon-piano-ARTP8WUYHN.svg\" class=\"attachment-full size-full wp-image-362\" alt=\"\" \/>\t\t\t\t\t\t\t\t\t\t\t\t\t\t\t<\/div>\n\t\t\t\t<div class=\"elementor-element elementor-element-dd1e026 elementor-widget elementor-widget-text-editor\" data-id=\"dd1e026\" data-element_type=\"widget\" data-widget_type=\"text-editor.default\">\n\t\t\t\t\t\t\t\t\t<h4 style=\"text-align: center;\">Pianina<\/h4>\t\t\t\t\t\t\t\t<\/div>\n\t\t\t\t<div class=\"elementor-element elementor-element-a9c2f47 elementor-widget elementor-widget-text-editor\" data-id=\"a9c2f47\" data-element_type=\"widget\" data-widget_type=\"text-editor.default\">\n\t\t\t\t\t\t\t\t\t<p style=\"text-align: center;\"><span style=\"font-weight: 400;\">z nut\u0105 improwizacji i frajd\u0105 z gry<\/span><\/p>\t\t\t\t\t\t\t\t<\/div>\n\t\t\t\t\t<\/div>\n\t\t<\/div>\n\t\t\t\t<div class=\"elementor-column elementor-col-25 elementor-inner-column elementor-element elementor-element-1e3ff2d\" data-id=\"1e3ff2d\" data-element_type=\"column\">\n\t\t\t<div class=\"elementor-widget-wrap elementor-element-populated\">\n\t\t\t\t\t\t<div class=\"elementor-element elementor-element-c47bcee elementor-widget elementor-widget-image\" data-id=\"c47bcee\" data-element_type=\"widget\" data-widget_type=\"image.default\">\n\t\t\t\t\t\t\t\t\t\t\t\t\t\t\t<img loading=\"lazy\" decoding=\"async\" width=\"128\" height=\"128\" src=\"https:\/\/pracowniamuzyki.you2.pl\/wp-content\/uploads\/2025\/08\/reshot-icon-microphone-YLZE4Q7T58.svg\" class=\"attachment-full size-full wp-image-361\" alt=\"\" \/>\t\t\t\t\t\t\t\t\t\t\t\t\t\t\t<\/div>\n\t\t\t\t<div class=\"elementor-element elementor-element-03db0db elementor-widget elementor-widget-text-editor\" data-id=\"03db0db\" data-element_type=\"widget\" data-widget_type=\"text-editor.default\">\n\t\t\t\t\t\t\t\t\t<h4 style=\"text-align: center;\">Wokalu<\/h4>\t\t\t\t\t\t\t\t<\/div>\n\t\t\t\t<div class=\"elementor-element elementor-element-5c42af3 elementor-widget elementor-widget-text-editor\" data-id=\"5c42af3\" data-element_type=\"widget\" data-widget_type=\"text-editor.default\">\n\t\t\t\t\t\t\t\t\t<p style=\"text-align: center;\"><span id=\"docs-internal-guid-6d702cc2-7fff-fe2b-b0e0-6c4b67839be3\"><span style=\"font-size: 11pt; font-family: 'Trebuchet MS', sans-serif; color: #666666; background-color: #ffffff; font-variant-numeric: normal; font-variant-east-asian: normal; font-variant-alternates: normal; font-variant-position: normal; font-variant-emoji: normal; white-space-collapse: preserve;\">dla tych, kt\u00f3rzy chc\u0105 \u015bpiewa\u0107 pewnie i z sercem<\/span><\/span><\/p>\t\t\t\t\t\t\t\t<\/div>\n\t\t\t\t\t<\/div>\n\t\t<\/div>\n\t\t\t\t\t<\/div>\n\t\t<\/section>\n\t\t\t\t<div class=\"elementor-element elementor-element-55dc2ff elementor-widget elementor-widget-text-editor\" data-id=\"55dc2ff\" data-element_type=\"widget\" data-widget_type=\"text-editor.default\">\n\t\t\t\t\t\t\t\t\t<p><span style=\"background-color: #ffffff; font-variant-numeric: normal; font-variant-east-asian: normal; font-variant-alternates: normal; font-variant-position: normal; font-variant-emoji: normal; white-space-collapse: preserve; font-size: 11pt; font-family: 'Trebuchet MS', sans-serif; color: #666666;\">A wkr\u00f3tce tak\u017ce <\/span><span style=\"background-color: #ffffff; font-variant-numeric: normal; font-variant-east-asian: normal; font-variant-alternates: normal; font-variant-position: normal; font-variant-emoji: normal; white-space-collapse: preserve; font-size: 11pt; font-family: 'Trebuchet MS', sans-serif; color: #666666; font-weight: bold;\">produkcji muzycznej<\/span><span style=\"background-color: #ffffff; font-variant-numeric: normal; font-variant-east-asian: normal; font-variant-alternates: normal; font-variant-position: normal; font-variant-emoji: normal; white-space-collapse: preserve; font-size: 11pt; font-family: 'Trebuchet MS', sans-serif; color: #666666;\">, bo granie to nie wszystko \u2013 warto wiedzie\u0107, jak nagra\u0107 i wyprodukowa\u0107 co\u015b swojego.<\/span><\/p>\t\t\t\t\t\t\t\t<\/div>\n\t\t\t\t\t<\/div>\n\t\t<\/div>\n\t\t\t\t\t<\/div>\n\t\t<\/section>\n\t\t<div class=\"elementor-element elementor-element-2312354 e-flex e-con-boxed e-con e-parent\" data-id=\"2312354\" data-element_type=\"container\">\n\t\t\t\t\t<div class=\"e-con-inner\">\n\t\t\t\t<div class=\"elementor-element elementor-element-3ac8200 elementor-widget elementor-widget-image_with_overlapping_info\" data-id=\"3ac8200\" data-element_type=\"widget\" data-widget_type=\"image_with_overlapping_info.default\">\n\t\t\t\t<div class=\"elementor-widget-container\">\n\t\t\t\t\t<div class=\"qode-image-with-overlapping-info\">\n\t\t<div class=\"qode-iwoi-image-holder\">\n\t\t<img decoding=\"async\" src=\"https:\/\/pracowniamuzyki.you2.pl\/wp-content\/uploads\/2025\/08\/pexels-erkan-302655-1-scaled-e1755115452397.jpg\" alt=\"Nagramy Twoje Post\u0119py\" \/>\n\t<\/div>\n\t\t<div class=\"qode-iwoi-info-holder\">\n\t\t\t<h3 class=\"qode-iwoi-title\">\n\t\t\t\tNagramy Twoje Post\u0119py\t\t\t<\/h3>\n\t\t\t\t\t\t\t<p class = \"qode-iwoi-text\"> W Pracowni mo\u017cesz rejestrowa\u0107 swoje post\u0119py \u2013 w formie audio i video. Co jaki\u015b czas nagrywamy uczni\u00f3w w akcji: solo, w duecie lub w mini live session. To okazja, by zobaczy\u0107 sw\u00f3j rozw\u00f3j, mie\u0107 pami\u0105tk\u0119 z nauki i podzieli\u0107 si\u0119 muzyk\u0105 z innymi. Na naszej stronie znajdziesz przyk\u0142ady takich nagra\u0144.<\/p>\n\t\t\t\t\t\t\t<\/div>\n    <\/div>\t\t\t\t<\/div>\n\t\t\t\t<\/div>\n\t\t\t\t\t<\/div>\n\t\t\t\t<\/div>\n\t\t<div class=\"elementor-element elementor-element-d55af74 e-flex e-con-boxed e-con e-parent\" data-id=\"d55af74\" data-element_type=\"container\">\n\t\t\t\t\t<div class=\"e-con-inner\">\n\t\t\t\t<div class=\"elementor-element elementor-element-1dae5be elementor-widget elementor-widget-image_with_overlapping_info\" data-id=\"1dae5be\" data-element_type=\"widget\" data-widget_type=\"image_with_overlapping_info.default\">\n\t\t\t\t<div class=\"elementor-widget-container\">\n\t\t\t\t\t<div class=\"qode-image-with-overlapping-info\">\n\t\t<div class=\"qode-iwoi-image-holder\">\n\t\t<img decoding=\"async\" src=\"https:\/\/pracowniamuzyki.you2.pl\/wp-content\/uploads\/2025\/08\/pexels-pixabay-221569.jpg\" alt=\"Zapisz si\u0119 na lekcj\u0119\" \/>\n\t<\/div>\n\t\t<div class=\"qode-iwoi-info-holder\">\n\t\t\t<h3 class=\"qode-iwoi-title\">\n\t\t\t\tZapisz si\u0119 na lekcj\u0119\t\t\t<\/h3>\n\t\t\t\t\t\t\t<p class = \"qode-iwoi-text\"> Je\u015bli marzysz, by zagra\u0107 sw\u00f3j pierwszy utw\u00f3r, rozwija\u0107 si\u0119 jako wokalista, nauczy\u0107 si\u0119 sol\u00f3wki, kt\u00f3rej kiedy\u015b nie mog\u0142e\u015b nawet dotkn\u0105\u0107 \u2013 Pracownia Muzyki to miejsce dla Ciebie.\nGramy to, co lubisz.\nI uczymy tak, \u017ceby\u015b lubi\u0142 to, co grasz. \ud83c\udfb6\n<\/p>\n\t\t\t\t\t\t<a href=\"Kontakt\" target=\"_self\"  class=\"qbutton  qode-iwoi-link\" style=\"\">Napisz do nas<\/a>\t<\/div>\n            <a class=\"qode-iwoi-holder-link\" href=\"http:\/\/Kontakt\"><\/a>\n    <\/div>\t\t\t\t<\/div>\n\t\t\t\t<\/div>\n\t\t\t\t\t<\/div>\n\t\t\t\t<\/div>\n\t\t\t\t<\/div>\n\t\t","protected":false},"excerpt":{"rendered":"<p>O Nas Nauka w dobrym rytmie Pracownia Muzyki to miejsce stworzone z my\u015bl\u0105 o wszystkich, kt\u00f3rzy chc\u0105 gra\u0107, \u015bpiewa\u0107, rozwija\u0107 si\u0119 muzycznie. Uczymy dzieci, m\u0142odzie\u017c i doros\u0142ych \u2013 niezale\u017cnie od poziomu. Mo\u017cesz dopiero zaczyna\u0107, mo\u017cesz ju\u017c co\u015b gra\u0107 \u2013 pomo\u017cemy Ci p\u00f3j\u015b\u0107 dalej w Twoim&#8230;<\/p>\n","protected":false},"author":1,"featured_media":0,"parent":0,"menu_order":0,"comment_status":"closed","ping_status":"closed","template":"elementor_header_footer","meta":{"footnotes":""},"class_list":["post-142","page","type-page","status-publish","hentry"],"_links":{"self":[{"href":"https:\/\/pracowniamuzyki.you2.pl\/index.php\/wp-json\/wp\/v2\/pages\/142","targetHints":{"allow":["GET"]}}],"collection":[{"href":"https:\/\/pracowniamuzyki.you2.pl\/index.php\/wp-json\/wp\/v2\/pages"}],"about":[{"href":"https:\/\/pracowniamuzyki.you2.pl\/index.php\/wp-json\/wp\/v2\/types\/page"}],"author":[{"embeddable":true,"href":"https:\/\/pracowniamuzyki.you2.pl\/index.php\/wp-json\/wp\/v2\/users\/1"}],"replies":[{"embeddable":true,"href":"https:\/\/pracowniamuzyki.you2.pl\/index.php\/wp-json\/wp\/v2\/comments?post=142"}],"version-history":[{"count":64,"href":"https:\/\/pracowniamuzyki.you2.pl\/index.php\/wp-json\/wp\/v2\/pages\/142\/revisions"}],"predecessor-version":[{"id":532,"href":"https:\/\/pracowniamuzyki.you2.pl\/index.php\/wp-json\/wp\/v2\/pages\/142\/revisions\/532"}],"wp:attachment":[{"href":"https:\/\/pracowniamuzyki.you2.pl\/index.php\/wp-json\/wp\/v2\/media?parent=142"}],"curies":[{"name":"wp","href":"https:\/\/api.w.org\/{rel}","templated":true}]}}